{"id":5844,"date":"2024-12-12T11:33:40","date_gmt":"2024-12-12T10:33:40","guid":{"rendered":"https:\/\/www.neoline.eu\/legal-info\/"},"modified":"2026-04-02T16:24:06","modified_gmt":"2026-04-02T14:24:06","slug":"legal-info","status":"publish","type":"page","link":"https:\/\/www.neoline.eu\/en\/legal-info\/","title":{"rendered":"Legal info"},"content":{"rendered":"\t\t<div data-elementor-type=\"wp-page\" data-elementor-id=\"5844\" class=\"elementor elementor-5844 elementor-2869\">\n\t\t\t\t\t\t<section class=\"elementor-section elementor-top-section elementor-element elementor-element-da4042c elementor-section-height-min-height elementor-section-boxed elementor-section-height-default elementor-section-items-middle wpr-particle-no wpr-jarallax-no wpr-parallax-no wpr-sticky-section-no\" data-id=\"da4042c\" data-element_type=\"section\" data-e-type=\"section\" data-settings=\"{&quot;background_background&quot;:&quot;classic&quot;}\">\n\t\t\t\t\t\t\t<div class=\"elementor-background-overlay\"><\/div>\n\t\t\t\t\t\t\t<div class=\"elementor-container elementor-column-gap-default\">\n\t\t\t\t\t<div class=\"elementor-column elementor-col-100 elementor-top-column elementor-element elementor-element-2a94453c\" data-id=\"2a94453c\" data-element_type=\"column\" data-e-type=\"column\">\n\t\t\t<div class=\"elementor-widget-wrap elementor-element-populated\">\n\t\t\t\t\t\t<div class=\"elementor-element elementor-element-2c8fdc75 elementor-widget elementor-widget-heading\" data-id=\"2c8fdc75\" data-element_type=\"widget\" data-e-type=\"widget\" data-widget_type=\"heading.default\">\n\t\t\t\t<div class=\"elementor-widget-container\">\n\t\t\t\t\t<h1 class=\"elementor-heading-title elementor-size-default\">Terms of use<\/h1>\t\t\t\t<\/div>\n\t\t\t\t<\/div>\n\t\t\t\t\t<\/div>\n\t\t<\/div>\n\t\t\t\t\t<\/div>\n\t\t<\/section>\n\t\t<div class=\"elementor-element elementor-element-9367aa6 e-flex e-con-boxed wpr-particle-no wpr-jarallax-no wpr-parallax-no wpr-sticky-section-no e-con e-parent\" data-id=\"9367aa6\" data-element_type=\"container\" data-e-type=\"container\">\n\t\t\t\t\t<div class=\"e-con-inner\">\n\t\t\t\t<div class=\"elementor-element elementor-element-683a7d0 elementor-widget elementor-widget-text-editor\" data-id=\"683a7d0\" data-element_type=\"widget\" data-e-type=\"widget\" data-widget_type=\"text-editor.default\">\n\t\t\t\t<div class=\"elementor-widget-container\">\n\t\t\t\t\t\t\t\t\t<h2><strong>Site editor :<\/strong><\/h2><p>NEOLINE SAS, Soci\u00e9t\u00e9 par Actions Simplifi\u00e9e with a capital of 222700\u20ac<br \/>having its head office at 8 rue du Calvaire 44000 NANTES and its offices at 2 rue Tournefort 44000 Nantes<br \/>Registered at the RCS NANTES under the SIREN number : 813387933<\/p><p>Publication manager: Jean Zanuttini<br \/>Publication manager: Gabriella Paulet<\/p><p>Telephone: 09.81.23.16.37<\/p><p>Email: contact@neoline.eu<br \/>Website: www.neoline.eu<\/p><h2><strong>Accommodation :<\/strong><\/h2><p>Hosting company: GANDI SAS, a simplified joint stock company with a capital of 800,000\u20ac, headquartered at 63-65 boulevard Mass\u00e9na Paris (75013) FRANCE<\/p><p>Siren 423 093 459 RCS PARIS<br \/>n. de TVA FR81423093459<br \/>Tel +33 (0) 1 70.37.76.61<br \/>Website : www.gandi.fr<\/p><h2><strong>Development :<br \/><\/strong><\/h2><p>Agency Inside<\/p><p>73 rue Billancourt<\/p><p>92100 Boulogne Billancourt<\/p><p>www.agency-inside.com<\/p><h2><strong>Terms of use :<\/strong><\/h2><p>This site www.neoline.eu is offered in various web languages (HTML, HTML5, Javascript, CSS, etc.) for better ease of use and more pleasing graphics, we recommend that you use modern browsers such as Internet Explorer, Safari, Firefox, Google Chrome, etc&#8230;<\/p><p>NEOLINE makes every effort to provide reliable information and to update its websites reliably. However, errors or omissions may occur. Internet users should therefore check the accuracy of the information provided by contact@neoline.eu, and report any changes to the site that they consider necessary. NEOLINE is in no way responsible for the use made of this information, and for any direct or indirect prejudice that may result.<\/p><h1><strong>Cookies<\/strong>:<\/h1><p>The <a href=\"http:\/\/www.neoline.eu\/\">www.neoline.eu<\/a> website may ask you to accept cookies for statistical and display purposes. A cookie is a piece of information placed on your hard disk by the server of the site you are visiting. It contains several pieces of data that are stored on your computer in a simple text file that a server accesses to read and record information. Some parts of this site cannot be used without accepting cookies.<\/p><h2><strong>Hyperlinks :<\/strong><\/h2><p>The NEOLINE website may provide links to other websites or resources available on the Internet. NEOLINE SAS has no means of controlling the sites linked to its website, and is not responsible for the availability of such external sites and sources, nor does it guarantee them. NEOLINE SAS cannot be held responsible for any damage of any nature whatsoever resulting from the content of these external sites or sources, and in particular from the information, products or services they offer, or from any use that may be made of these elements. The risks associated with such use shall be borne entirely by the Internet user, who must comply with their conditions of use.<\/p><p>Users, subscribers and visitors to the websites may not set up a hyperlink to this site without the express prior written authorization of NEOLINE SAS.<\/p><p>Should a user or visitor wish to set up a hyperlink to one of NEOLINE SAS&#8217;s websites, he or she should send an e-mail to the site requesting the hyperlink. NEOLINE SAS reserves the right to accept or refuse a hyperlink without having to justify its decision.<\/p><h2><strong>Services provided :<\/strong><\/h2><p>All the company&#8217;s activities and information are presented on our website www.neoline.eu<\/p><p>NEOLINE strives to provide the most accurate information possible on the <a href=\"http:\/\/www.neoline.eu\/\">www.neoline.eu<\/a> website. The information on the <a href=\"http:\/\/www.neoline.eu\/\">www.neoline.eu<\/a> site is not exhaustive, and the photos are non-contractual. It is subject to any modifications that may have been made since it was put online. Furthermore, all information provided on the www.neoline.eu website is given for information purposes only, and may change or evolve without notice.<\/p><h2><strong>Contractual limitations on data :<\/strong><\/h2><p>The information contained on this site is as accurate as possible, and the site is updated at various times of the year. However, it may contain inaccuracies or omissions. If you notice a gap, error or what appears to be a malfunction, please report it by e-mail to contact@neoline.eu, describing the problem as precisely as possible (page causing the problem, type of computer and browser used, screenshot, etc.).<\/p><p>Any content downloaded is done so at the user&#8217;s own risk and under his\/her sole responsibility. Consequently, NEOLINE cannot be held responsible for any damage to the user&#8217;s computer or loss of data resulting from downloading. Furthermore, the user of the site undertakes to access the site using recent, virus-free equipment and with an up-to-date browser.<\/p><p>NEOLINE cannot be held responsible for the hypertext links set up within the framework of this website leading to other resources on the Internet.<\/p><h2><strong>Intellectual property :<\/strong><\/h2><p>All content on the www.neoline.eu website, including but not limited to graphics, images, texts, videos, animations, sounds, logos, gifs and icons, as well as their layout, is the exclusive property of NEOLINE, with the exception of trademarks, logos or content belonging to other partner companies or authors.<\/p><p>Any reproduction, distribution, modification, adaptation, retransmission or publication, even partial, of these various elements is strictly forbidden without the express written consent of NEOLINE SAS. This representation or reproduction, by any means whatsoever, constitutes an infringement punishable by articles L.335-2 et seq. of the French Intellectual Property Code. Failure to comply with this prohibition constitutes an infringement which may incur the civil and criminal liability of the infringer. In addition, the owners of copied content may take legal action against you.<\/p><h2><strong>Declaration to the CNIL :<\/strong><\/h2><p>In accordance with the French Data Protection Act 78-17 of January 6, 1978 (amended by Act 2004-801 of August 6, 2004 on the protection of individuals with regard to the processing of personal data), this site has been registered under number 2126447 with the Commission nationale de l&#8217;informatique et des libert\u00e9s<a href=\"http:\/\/www.cnil.fr\/\">(www.cnil.fr)<\/a>.<\/p><h2><strong>Disputes :<\/strong><\/h2><p>The present terms and conditions of the <a href=\"http:\/\/www.neoline.eu\/\">www.neoline.eu<\/a> website are governed by French law. Any dispute or litigation arising from the interpretation or execution of these terms and conditions shall be submitted to the exclusive jurisdiction of the courts having jurisdiction over the company&#8217;s registered office. The reference language for the settlement of any disputes is French.<\/p><h2><strong>Personal data :<\/strong><\/h2><p>In general, you are not required to provide us with any personal data when you visit our website www.neoline.eu.<\/p><p>However, there are certain exceptions to this principle. For some of the services offered on our site, you may be asked to provide us with data such as your name, position, company name, e-mail address and telephone number. This is the case when you fill in the online form in the &#8220;contact&#8221; section.<\/p><p>In all cases, you may refuse to provide your personal data. In this case, you will not be able to use the site&#8217;s services, in particular to request information about our company, or to receive our newsletter.<\/p><p>Finally, we may automatically collect certain information about you when you simply browse our website, in particular: information concerning the use of our site, such as the areas you visit and the services you access, your IP address, your browser type, your access times.<\/p><p>Such information is used exclusively for internal statistical purposes, in order to improve the quality of the services offered to you. Databases are protected by the provisions of the law of July 1, 1998, transposing directive 96\/9 of March 11, 1996, on the legal protection of databases.<\/p>\t\t\t\t\t\t\t\t<\/div>\n\t\t\t\t<\/div>\n\t\t\t\t\t<\/div>\n\t\t\t\t<\/div>\n\t\t\t\t<\/div>\n\t\t","protected":false},"excerpt":{"rendered":"<p>Terms of use Site editor : NEOLINE SAS, Soci\u00e9t\u00e9 par Actions Simplifi\u00e9e with a capital of 222700\u20achaving its head office at 8 rue du Calvaire 44000 NANTES and its offices at 2 rue Tournefort 44000 NantesRegistered at the RCS NANTES under the SIREN number : 813387933 Publication manager: Jean ZanuttiniPublication manager: Gabriella Paulet Telephone: 09.81.23.16.37 Email: contact@neoline.euWebsite: www.neoline.eu Accommodation : Hosting company: GANDI SAS, a simplified joint stock company with a capital of 800,000\u20ac, headquartered at 63-65 boulevard Mass\u00e9na Paris (75013) FRANCE Siren 423 093 459 RCS PARISn. de TVA FR81423093459Tel +33 (0) 1 70.37.76.61Website : www.gandi.fr Development : Agency Inside 73 rue Billancourt 92100 Boulogne Billancourt www.agency-inside.com Terms of use : This site www.neoline.eu is offered in various web languages (HTML, HTML5, Javascript, CSS, etc.) for better ease of use and more pleasing graphics, we recommend that you use modern browsers such as Internet Explorer, Safari, Firefox, Google Chrome, etc&#8230; NEOLINE makes every effort to provide reliable information and to update its websites reliably. However, errors or omissions may occur. Internet users should therefore check the accuracy of the information provided by contact@neoline.eu, and report any changes to the site that they consider necessary. NEOLINE is in no way responsible for the use made of this information, and for any direct or indirect prejudice that may result. Cookies: The www.neoline.eu website may ask you to accept cookies for statistical and display purposes. A cookie is a piece of information placed on your hard disk by the server of the site you are visiting. It contains several pieces of data that are stored on your computer in a simple text file that a server accesses to read and record information. Some parts of this site cannot be used without accepting cookies. Hyperlinks : The NEOLINE website may provide links to other websites or resources available on the Internet. NEOLINE SAS has no means of controlling the sites linked to its website, and is not responsible for the availability of such external sites and sources, nor does it guarantee them. NEOLINE SAS cannot be held responsible for any damage of any nature whatsoever resulting from the content of these external sites or sources, and in particular from the information, products or services they offer, or from any use that may be made of these elements. The risks associated with such use shall be borne entirely by the Internet user, who must comply with their conditions of use. Users, subscribers and visitors to the websites may not set up a hyperlink to this site without the express prior written authorization of NEOLINE SAS. Should a user or visitor wish to set up a hyperlink to one of NEOLINE SAS&#8217;s websites, he or she should send an e-mail to the site requesting the hyperlink. NEOLINE SAS reserves the right to accept or refuse a hyperlink without having to justify its decision. Services provided : All the company&#8217;s activities and information are presented on our website www.neoline.eu NEOLINE strives to provide the most accurate information possible on the www.neoline.eu website. The information on the www.neoline.eu site is not exhaustive, and the photos are non-contractual. It is subject to any modifications that may have been made since it was put online. Furthermore, all information provided on the www.neoline.eu website is given for information purposes only, and may change or evolve without notice. Contractual limitations on data : The information contained on this site is as accurate as possible, and the site is updated at various times of the year. However, it may contain inaccuracies or omissions. If you notice a gap, error or what appears to be a malfunction, please report it by e-mail to contact@neoline.eu, describing the problem as precisely as possible (page causing the problem, type of computer and browser used, screenshot, etc.). Any content downloaded is done so at the user&#8217;s own risk and under his\/her sole responsibility. Consequently, NEOLINE cannot be held responsible for any damage to the user&#8217;s computer or loss of data resulting from downloading. Furthermore, the user of the site undertakes to access the site using recent, virus-free equipment and with an up-to-date browser. NEOLINE cannot be held responsible for the hypertext links set up within the framework of this website leading to other resources on the Internet. Intellectual property : All content on the www.neoline.eu website, including but not limited to graphics, images, texts, videos, animations, sounds, logos, gifs and icons, as well as their layout, is the exclusive property of NEOLINE, with the exception of trademarks, logos or content belonging to other partner companies or authors. Any reproduction, distribution, modification, adaptation, retransmission or publication, even partial, of these various elements is strictly forbidden without the express written consent of NEOLINE SAS. This representation or reproduction, by any means whatsoever, constitutes an infringement punishable by articles L.335-2 et seq. of the French Intellectual Property Code. Failure to comply with this prohibition constitutes an infringement which may incur the civil and criminal liability of the infringer. In addition, the owners of copied content may take legal action against you. Declaration to the CNIL : In accordance with the French Data Protection Act 78-17 of January 6, 1978 (amended by Act 2004-801 of August 6, 2004 on the protection of individuals with regard to the processing of personal data), this site has been registered under number 2126447 with the Commission nationale de l&#8217;informatique et des libert\u00e9s(www.cnil.fr). Disputes : The present terms and conditions of the www.neoline.eu website are governed by French law. Any dispute or litigation arising from the interpretation or execution of these terms and conditions shall be submitted to the exclusive jurisdiction of the courts having jurisdiction over the company&#8217;s registered office. The reference language for the settlement of any disputes is French. Personal data : In general, you are not required to provide us with any personal data when you visit our website www.neoline.eu. However, there are certain exceptions to this principle. For some of the services offered on our site, you may be asked<\/p>\n","protected":false},"author":1,"featured_media":0,"parent":0,"menu_order":0,"comment_status":"closed","ping_status":"closed","template":"elementor_canvas","meta":{"_seopress_robots_primary_cat":"","_seopress_titles_title":"","_seopress_titles_desc":"","_seopress_robots_index":"","inline_featured_image":false,"footnotes":""},"class_list":["post-5844","page","type-page","status-publish","hentry"],"_links":{"self":[{"href":"https:\/\/www.neoline.eu\/en\/wp-json\/wp\/v2\/pages\/5844","targetHints":{"allow":["GET"]}}],"collection":[{"href":"https:\/\/www.neoline.eu\/en\/wp-json\/wp\/v2\/pages"}],"about":[{"href":"https:\/\/www.neoline.eu\/en\/wp-json\/wp\/v2\/types\/page"}],"author":[{"embeddable":true,"href":"https:\/\/www.neoline.eu\/en\/wp-json\/wp\/v2\/users\/1"}],"replies":[{"embeddable":true,"href":"https:\/\/www.neoline.eu\/en\/wp-json\/wp\/v2\/comments?post=5844"}],"version-history":[{"count":0,"href":"https:\/\/www.neoline.eu\/en\/wp-json\/wp\/v2\/pages\/5844\/revisions"}],"wp:attachment":[{"href":"https:\/\/www.neoline.eu\/en\/wp-json\/wp\/v2\/media?parent=5844"}],"curies":[{"name":"wp","href":"https:\/\/api.w.org\/{rel}","templated":true}]}}