{"id":7850,"date":"2025-11-06T14:09:58","date_gmt":"2025-11-06T13:09:58","guid":{"rendered":"https:\/\/www.neoline.eu\/?page_id=7850"},"modified":"2025-11-06T14:09:59","modified_gmt":"2025-11-06T13:09:59","slug":"premiere-escale-americaine-pour-neoliner-origin","status":"publish","type":"page","link":"https:\/\/www.neoline.eu\/en\/premiere-escale-americaine-pour-neoliner-origin\/","title":{"rendered":"Premi\u00e8re escale am\u00e9ricaine pour Neoliner Origin"},"content":{"rendered":"\n<p>Apr\u00e8s sa premi\u00e8re travers\u00e9e de l\u2019Atlantique, une premi\u00e8re escale \u00e0 Saint-Pierre et la remont\u00e9e du Chesapeake Bay, Neoliner Origin est arriv\u00e9 \u00e0 Baltimore jeudi dernier, sous une pluie battante, pour d\u00e9charger ses premi\u00e8res marchandises sur le sol am\u00e9ricain.<br><br>Un immense merci \u00e0 <a href=\"https:\/\/www.linkedin.com\/company\/norton-lilly-international\/\">Norton Lilly International<\/a>, <a href=\"https:\/\/www.linkedin.com\/company\/ports-america\/\">Ports America<\/a> et au <a href=\"https:\/\/www.linkedin.com\/company\/portofbaltimore\/\">Helen Delich Bentley Port of Baltimore<\/a> pour leur accueil et leur soutien lors de cette premi\u00e8re escale.<br><br>D\u00e9couvrez le reportage de Reuters, qui illustre cette premi\u00e8re op\u00e9ration de d\u00e9chargement : <a href=\"https:\/\/lnkd.in\/d3Wbxdsc\">https:\/\/lnkd.in\/d3Wbxdsc<\/a><\/p>\n","protected":false},"excerpt":{"rendered":"<p>Apr\u00e8s sa premi\u00e8re travers\u00e9e de l\u2019Atlantique, une premi\u00e8re escale \u00e0 Saint-Pierre et la remont\u00e9e du Chesapeake Bay, Neoliner Origin est arriv\u00e9 \u00e0 Baltimore jeudi dernier, sous une pluie battante, pour d\u00e9charger ses premi\u00e8res marchandises sur le sol am\u00e9ricain. Un immense merci \u00e0 Norton Lilly International, Ports America et au Helen Delich Bentley Port of Baltimore pour leur accueil et leur soutien lors de cette premi\u00e8re escale. D\u00e9couvrez le reportage de Reuters, qui illustre cette premi\u00e8re op\u00e9ration de d\u00e9chargement : https:\/\/lnkd.in\/d3Wbxdsc<\/p>\n","protected":false},"author":4,"featured_media":7853,"parent":0,"menu_order":0,"comment_status":"closed","ping_status":"closed","template":"","meta":{"_seopress_robots_primary_cat":"","_seopress_titles_title":"","_seopress_titles_desc":"","_seopress_robots_index":"","inline_featured_image":false,"footnotes":""},"class_list":["post-7850","page","type-page","status-publish","has-post-thumbnail","hentry"],"_links":{"self":[{"href":"https:\/\/www.neoline.eu\/en\/wp-json\/wp\/v2\/pages\/7850","targetHints":{"allow":["GET"]}}],"collection":[{"href":"https:\/\/www.neoline.eu\/en\/wp-json\/wp\/v2\/pages"}],"about":[{"href":"https:\/\/www.neoline.eu\/en\/wp-json\/wp\/v2\/types\/page"}],"author":[{"embeddable":true,"href":"https:\/\/www.neoline.eu\/en\/wp-json\/wp\/v2\/users\/4"}],"replies":[{"embeddable":true,"href":"https:\/\/www.neoline.eu\/en\/wp-json\/wp\/v2\/comments?post=7850"}],"version-history":[{"count":0,"href":"https:\/\/www.neoline.eu\/en\/wp-json\/wp\/v2\/pages\/7850\/revisions"}],"wp:featuredmedia":[{"embeddable":true,"href":"https:\/\/www.neoline.eu\/en\/wp-json\/wp\/v2\/media\/7853"}],"wp:attachment":[{"href":"https:\/\/www.neoline.eu\/en\/wp-json\/wp\/v2\/media?parent=7850"}],"curies":[{"name":"wp","href":"https:\/\/api.w.org\/{rel}","templated":true}]}}